{"id":275,"date":"2024-11-21T13:52:43","date_gmt":"2024-11-21T17:52:43","guid":{"rendered":"https:\/\/www.pivotes.cl\/agilizodromo\/?page_id=275"},"modified":"2025-07-22T18:37:56","modified_gmt":"2025-07-22T22:37:56","slug":"colaboradores","status":"publish","type":"page","link":"https:\/\/www.pivotes.cl\/agilizodromo\/colaboradores\/","title":{"rendered":"Colaboradores"},"content":{"rendered":"<style>.kb-row-layout-id275_ad1ffc-4a > .kt-row-column-wrap{align-content:start;}:where(.kb-row-layout-id275_ad1ffc-4a > .kt-row-column-wrap) > .wp-block-kadence-column{justify-content:start;}.kb-row-layout-id275_ad1ffc-4a > .kt-row-column-wrap{column-gap:var(--global-kb-gap-md, 2rem);row-gap:var(--global-kb-gap-md, 2rem);padding-top:var(--global-kb-spacing-xxl, 5rem);padding-bottom:var(--global-kb-spacing-sm, 1.5rem);grid-template-columns:minmax(0, 1fr);}.kb-row-layout-id275_ad1ffc-4a > .kt-row-layout-overlay{opacity:0.30;}@media all and (max-width: 1024px){.kb-row-layout-id275_ad1ffc-4a > .kt-row-column-wrap{grid-template-columns:minmax(0, 1fr);}}@media all and (max-width: 767px){.kb-row-layout-id275_ad1ffc-4a > .kt-row-column-wrap{padding-top:var(--global-kb-spacing-xxl, 5rem);padding-bottom:var(--global-kb-spacing-lg, 3rem);grid-template-columns:minmax(0, 1fr);}}<\/style><div class=\"kb-row-layout-wrap kb-row-layout-id275_ad1ffc-4a alignfull has-theme-palette1-background-color kt-row-has-bg wp-block-kadence-rowlayout\"><div class=\"kt-row-column-wrap kt-has-1-columns kt-row-layout-equal kt-tab-layout-inherit kt-mobile-layout-row kt-row-valign-top\">\n<style>.kadence-column275_36cf58-aa > .kt-inside-inner-col,.kadence-column275_36cf58-aa > .kt-inside-inner-col:before{border-top-left-radius:0px;border-top-right-radius:0px;border-bottom-right-radius:0px;border-bottom-left-radius:0px;}.kadence-column275_36cf58-aa > .kt-inside-inner-col{column-gap:var(--global-kb-gap-sm, 1rem);}.kadence-column275_36cf58-aa > .kt-inside-inner-col{flex-direction:column;}.kadence-column275_36cf58-aa > .kt-inside-inner-col > .aligncenter{width:100%;}.kadence-column275_36cf58-aa > .kt-inside-inner-col:before{opacity:0.3;}.kadence-column275_36cf58-aa{position:relative;}@media all and (max-width: 1024px){.kadence-column275_36cf58-aa > .kt-inside-inner-col{flex-direction:column;}}@media all and (max-width: 767px){.kadence-column275_36cf58-aa > .kt-inside-inner-col{flex-direction:column;}}<\/style>\n<div class=\"wp-block-kadence-column kadence-column275_36cf58-aa\"><div class=\"kt-inside-inner-col\"><style>.kb-row-layout-id275_9a09f8-13 > .kt-row-column-wrap{align-content:start;}:where(.kb-row-layout-id275_9a09f8-13 > .kt-row-column-wrap) > .wp-block-kadence-column{justify-content:start;}.kb-row-layout-id275_9a09f8-13 > .kt-row-column-wrap{column-gap:var(--global-kb-gap-md, 2rem);row-gap:var(--global-kb-gap-md, 2rem);max-width:800px;margin-left:auto;margin-right:auto;grid-template-columns:minmax(0, 1fr);}.kb-row-layout-id275_9a09f8-13 > .kt-row-layout-overlay{opacity:0.30;}@media all and (max-width: 1024px){.kb-row-layout-id275_9a09f8-13 > .kt-row-column-wrap{grid-template-columns:minmax(0, 1fr);}}@media all and (max-width: 767px){.kb-row-layout-id275_9a09f8-13 > .kt-row-column-wrap{grid-template-columns:minmax(0, 1fr);}}<\/style><div class=\"kb-row-layout-wrap kb-row-layout-id275_9a09f8-13 alignnone wp-block-kadence-rowlayout\"><div class=\"kt-row-column-wrap kt-has-1-columns kt-row-layout-equal kt-tab-layout-inherit kt-mobile-layout-row kt-row-valign-top\">\n<style>.kadence-column275_553c73-3e > .kt-inside-inner-col,.kadence-column275_553c73-3e > .kt-inside-inner-col:before{border-top-left-radius:0px;border-top-right-radius:0px;border-bottom-right-radius:0px;border-bottom-left-radius:0px;}.kadence-column275_553c73-3e > .kt-inside-inner-col{column-gap:var(--global-kb-gap-sm, 1rem);}.kadence-column275_553c73-3e > .kt-inside-inner-col{flex-direction:column;}.kadence-column275_553c73-3e > .kt-inside-inner-col > .aligncenter{width:100%;}.kadence-column275_553c73-3e > .kt-inside-inner-col:before{opacity:0.3;}.kadence-column275_553c73-3e{position:relative;}@media all and (max-width: 1024px){.kadence-column275_553c73-3e > .kt-inside-inner-col{flex-direction:column;}}@media all and (max-width: 767px){.kadence-column275_553c73-3e > .kt-inside-inner-col{flex-direction:column;}}<\/style>\n<div class=\"wp-block-kadence-column kadence-column275_553c73-3e\"><div class=\"kt-inside-inner-col\"><style>.wp-block-kadence-advancedheading.kt-adv-heading275_c10580-dc, .wp-block-kadence-advancedheading.kt-adv-heading275_c10580-dc[data-kb-block=\"kb-adv-heading275_c10580-dc\"]{text-align:left;font-size:22px;line-height:20px;font-weight:500;font-style:normal;font-family:'Sofia Sans Condensed';}.wp-block-kadence-advancedheading.kt-adv-heading275_c10580-dc mark.kt-highlight, .wp-block-kadence-advancedheading.kt-adv-heading275_c10580-dc[data-kb-block=\"kb-adv-heading275_c10580-dc\"] mark.kt-highlight{font-style:normal;color:#f76a0c;-webkit-box-decoration-break:clone;box-decoration-break:clone;padding-top:0px;padding-right:0px;padding-bottom:0px;padding-left:0px;}<\/style>\n<h2 class=\"kt-adv-heading275_c10580-dc wp-block-kadence-advancedheading has-theme-palette-9-color has-text-color\" data-kb-block=\"kb-adv-heading275_c10580-dc\">Colaboradores<\/h2>\n\n\n<style>.wp-block-kadence-advancedheading.kt-adv-heading275_d0b3af-32, .wp-block-kadence-advancedheading.kt-adv-heading275_d0b3af-32[data-kb-block=\"kb-adv-heading275_d0b3af-32\"]{text-align:center;font-size:90px;font-weight:400;font-style:normal;font-family:Lora;}.wp-block-kadence-advancedheading.kt-adv-heading275_d0b3af-32 mark.kt-highlight, .wp-block-kadence-advancedheading.kt-adv-heading275_d0b3af-32[data-kb-block=\"kb-adv-heading275_d0b3af-32\"] mark.kt-highlight{font-style:normal;color:#f76a0c;-webkit-box-decoration-break:clone;box-decoration-break:clone;padding-top:0px;padding-right:0px;padding-bottom:0px;padding-left:0px;}@media all and (max-width: 767px){.wp-block-kadence-advancedheading.kt-adv-heading275_d0b3af-32, .wp-block-kadence-advancedheading.kt-adv-heading275_d0b3af-32[data-kb-block=\"kb-adv-heading275_d0b3af-32\"]{font-size:47px;line-height:78px;}}<\/style>\n<h2 class=\"kt-adv-heading275_d0b3af-32 wp-block-kadence-advancedheading has-theme-palette-9-color has-text-color\" data-kb-block=\"kb-adv-heading275_d0b3af-32\">Agiliz\u00f3dromo<\/h2>\n<\/div><\/div>\n\n<\/div><\/div><\/div><\/div>\n\n<\/div><\/div>\n\n<style>.kb-row-layout-id275_3e0827-1c > .kt-row-column-wrap{align-content:start;}:where(.kb-row-layout-id275_3e0827-1c > .kt-row-column-wrap) > .wp-block-kadence-column{justify-content:start;}.kb-row-layout-id275_3e0827-1c > .kt-row-column-wrap{column-gap:var(--global-kb-gap-md, 2rem);row-gap:var(--global-kb-gap-md, 2rem);max-width:1000px;margin-left:auto;margin-right:auto;padding-top:var(--global-kb-spacing-lg, 3rem);grid-template-columns:minmax(0, 1fr);}.kb-row-layout-id275_3e0827-1c{background-color:#a2d2dd;}.kb-row-layout-id275_3e0827-1c > .kt-row-layout-overlay{opacity:0.30;}@media all and (max-width: 1024px){.kb-row-layout-id275_3e0827-1c > .kt-row-column-wrap{grid-template-columns:minmax(0, 1fr);}}@media all and (max-width: 767px){.kb-row-layout-id275_3e0827-1c > .kt-row-column-wrap{padding-top:var(--global-kb-spacing-sm, 1.5rem);grid-template-columns:minmax(0, 1fr);}}<\/style><div class=\"kb-row-layout-wrap kb-row-layout-id275_3e0827-1c alignfull kt-row-has-bg wp-block-kadence-rowlayout\"><div class=\"kt-row-column-wrap kt-has-1-columns kt-row-layout-equal kt-tab-layout-inherit kt-mobile-layout-row kt-row-valign-top\">\n<style>.kadence-column275_1b34a7-72 > .kt-inside-inner-col,.kadence-column275_1b34a7-72 > .kt-inside-inner-col:before{border-top-left-radius:0px;border-top-right-radius:0px;border-bottom-right-radius:0px;border-bottom-left-radius:0px;}.kadence-column275_1b34a7-72 > .kt-inside-inner-col{column-gap:var(--global-kb-gap-sm, 1rem);}.kadence-column275_1b34a7-72 > .kt-inside-inner-col{flex-direction:column;}.kadence-column275_1b34a7-72 > .kt-inside-inner-col > .aligncenter{width:100%;}.kadence-column275_1b34a7-72 > .kt-inside-inner-col:before{opacity:0.3;}.kadence-column275_1b34a7-72{position:relative;}@media all and (max-width: 1024px){.kadence-column275_1b34a7-72 > .kt-inside-inner-col{flex-direction:column;}}@media all and (max-width: 767px){.kadence-column275_1b34a7-72 > .kt-inside-inner-col{flex-direction:column;}}<\/style>\n<div class=\"wp-block-kadence-column kadence-column275_1b34a7-72\"><div class=\"kt-inside-inner-col\"><style>.wp-block-kadence-advancedheading.kt-adv-heading275_29dbc5-cc, .wp-block-kadence-advancedheading.kt-adv-heading275_29dbc5-cc[data-kb-block=\"kb-adv-heading275_29dbc5-cc\"]{text-align:center;font-size:60px;font-weight:800;font-style:normal;font-family:'Sofia Sans Condensed';color:#ffffff;}.wp-block-kadence-advancedheading.kt-adv-heading275_29dbc5-cc mark.kt-highlight, .wp-block-kadence-advancedheading.kt-adv-heading275_29dbc5-cc[data-kb-block=\"kb-adv-heading275_29dbc5-cc\"] mark.kt-highlight{font-style:normal;color:#f76a0c;-webkit-box-decoration-break:clone;box-decoration-break:clone;padding-top:0px;padding-right:0px;padding-bottom:0px;padding-left:0px;}@media all and (max-width: 767px){.wp-block-kadence-advancedheading.kt-adv-heading275_29dbc5-cc, .wp-block-kadence-advancedheading.kt-adv-heading275_29dbc5-cc[data-kb-block=\"kb-adv-heading275_29dbc5-cc\"]{font-size:48px;}}<\/style>\n<h2 class=\"kt-adv-heading275_29dbc5-cc animated slideInUp wp-block-kadence-advancedheading\" data-kb-block=\"kb-adv-heading275_29dbc5-cc\">COLABORADORES<\/h2>\n\n\n\n<p><br><\/p>\n<\/div><\/div>\n\n<\/div><\/div>\n\n<style>.kb-row-layout-id275_6aafff-9c > .kt-row-column-wrap{align-content:start;}:where(.kb-row-layout-id275_6aafff-9c > .kt-row-column-wrap) > .wp-block-kadence-column{justify-content:start;}.kb-row-layout-id275_6aafff-9c > .kt-row-column-wrap{column-gap:var(--global-kb-gap-md, 2rem);row-gap:var(--global-kb-gap-md, 2rem);padding-top:var(--global-kb-spacing-sm, 1.5rem);padding-bottom:var(--global-kb-spacing-sm, 1.5rem);grid-template-columns:minmax(0, 1fr);}.kb-row-layout-id275_6aafff-9c{background-color:#fcf8ee;}.kb-row-layout-id275_6aafff-9c > .kt-row-layout-overlay{opacity:0.30;}@media all and (max-width: 1024px){.kb-row-layout-id275_6aafff-9c > .kt-row-column-wrap{grid-template-columns:minmax(0, 1fr);}}@media all and (max-width: 767px){.kb-row-layout-id275_6aafff-9c > .kt-row-column-wrap{grid-template-columns:minmax(0, 1fr);}}<\/style><div class=\"kb-row-layout-wrap kb-row-layout-id275_6aafff-9c alignfull kt-row-has-bg wp-block-kadence-rowlayout\"><div class=\"kt-row-column-wrap kt-has-1-columns kt-row-layout-equal kt-tab-layout-inherit kt-mobile-layout-row kt-row-valign-top\">\n<style>.kadence-column275_1ab175-af > .kt-inside-inner-col,.kadence-column275_1ab175-af > .kt-inside-inner-col:before{border-top-left-radius:0px;border-top-right-radius:0px;border-bottom-right-radius:0px;border-bottom-left-radius:0px;}.kadence-column275_1ab175-af > .kt-inside-inner-col{column-gap:var(--global-kb-gap-sm, 1rem);}.kadence-column275_1ab175-af > .kt-inside-inner-col{flex-direction:column;}.kadence-column275_1ab175-af > .kt-inside-inner-col > .aligncenter{width:100%;}.kadence-column275_1ab175-af > .kt-inside-inner-col:before{opacity:0.3;}.kadence-column275_1ab175-af{position:relative;}@media all and (max-width: 1024px){.kadence-column275_1ab175-af > .kt-inside-inner-col{flex-direction:column;}}@media all and (max-width: 767px){.kadence-column275_1ab175-af > .kt-inside-inner-col{flex-direction:column;}}<\/style>\n<div class=\"wp-block-kadence-column kadence-column275_1ab175-af\"><div class=\"kt-inside-inner-col\"><style>.wp-block-kadence-advancedheading.kt-adv-heading275_2b9ff6-fe, .wp-block-kadence-advancedheading.kt-adv-heading275_2b9ff6-fe[data-kb-block=\"kb-adv-heading275_2b9ff6-fe\"]{text-align:center;font-weight:800;font-style:normal;font-family:'Sofia Sans Condensed';}.wp-block-kadence-advancedheading.kt-adv-heading275_2b9ff6-fe mark.kt-highlight, .wp-block-kadence-advancedheading.kt-adv-heading275_2b9ff6-fe[data-kb-block=\"kb-adv-heading275_2b9ff6-fe\"] mark.kt-highlight{font-style:normal;color:#f76a0c;-webkit-box-decoration-break:clone;box-decoration-break:clone;padding-top:0px;padding-right:0px;padding-bottom:0px;padding-left:0px;}@media all and (max-width: 767px){.wp-block-kadence-advancedheading.kt-adv-heading275_2b9ff6-fe, .wp-block-kadence-advancedheading.kt-adv-heading275_2b9ff6-fe[data-kb-block=\"kb-adv-heading275_2b9ff6-fe\"]{font-size:30px;}}<\/style>\n<h2 class=\"kt-adv-heading275_2b9ff6-fe wp-block-kadence-advancedheading has-theme-palette-1-color has-text-color\" data-kb-block=\"kb-adv-heading275_2b9ff6-fe\">Adem\u00e1s del equipo de Fundaci\u00f3n Pivotes, el Agiliz\u00f3dromo ha sido posible gracias a la colaboraci\u00f3n de profesionales de las siguientes instituciones: C\u00e1mara Chilena de la Construcci\u00f3n, SOFOFA, Mejores Pr\u00e1cticas Asociados, D\u00e9ficit Cero y G100. Tambi\u00e9n  a individuos a t\u00edtulo personal: Miguel Pelayo, Jorge Welch, Felipe Irarr\u00e1zaval, Hern\u00e1n Chame.<\/h2>\n\n\n\n<p>La colaboraci\u00f3n de estas instituciones y personas no implica su adhesi\u00f3n a todas las propuestas, que es responsabilidad exclusiva de Fundaci\u00f3n Pivotes.<\/p>\n<\/div><\/div>\n\n<\/div><\/div>\n\n<style>.kb-row-layout-id275_1b8aaa-ac > .kt-row-column-wrap{align-content:start;}:where(.kb-row-layout-id275_1b8aaa-ac > .kt-row-column-wrap) > .wp-block-kadence-column{justify-content:start;}.kb-row-layout-id275_1b8aaa-ac > .kt-row-column-wrap{column-gap:var(--global-kb-gap-md, 2rem);row-gap:var(--global-kb-gap-md, 2rem);max-width:1000px;margin-left:auto;margin-right:auto;padding-top:var(--global-kb-spacing-sm, 1.5rem);padding-bottom:var(--global-kb-spacing-sm, 1.5rem);grid-template-columns:minmax(0, 1fr);}.kb-row-layout-id275_1b8aaa-ac > .kt-row-layout-overlay{opacity:0.30;}@media all and (max-width: 1024px){.kb-row-layout-id275_1b8aaa-ac > .kt-row-column-wrap{grid-template-columns:minmax(0, 1fr);}}@media all and (max-width: 767px){.kb-row-layout-id275_1b8aaa-ac > .kt-row-column-wrap{grid-template-columns:minmax(0, 1fr);}}<\/style><div class=\"kb-row-layout-wrap kb-row-layout-id275_1b8aaa-ac alignnone wp-block-kadence-rowlayout\"><div class=\"kt-row-column-wrap kt-has-1-columns kt-row-layout-equal kt-tab-layout-inherit kt-mobile-layout-row kt-row-valign-top\">\n<style>.kadence-column275_c46c5d-6c > .kt-inside-inner-col,.kadence-column275_c46c5d-6c > .kt-inside-inner-col:before{border-top-left-radius:0px;border-top-right-radius:0px;border-bottom-right-radius:0px;border-bottom-left-radius:0px;}.kadence-column275_c46c5d-6c > .kt-inside-inner-col{column-gap:var(--global-kb-gap-sm, 1rem);}.kadence-column275_c46c5d-6c > .kt-inside-inner-col{flex-direction:column;}.kadence-column275_c46c5d-6c > .kt-inside-inner-col > .aligncenter{width:100%;}.kadence-column275_c46c5d-6c > .kt-inside-inner-col:before{opacity:0.3;}.kadence-column275_c46c5d-6c{position:relative;}@media all and (max-width: 1024px){.kadence-column275_c46c5d-6c > .kt-inside-inner-col{flex-direction:column;}}@media all and (max-width: 767px){.kadence-column275_c46c5d-6c > .kt-inside-inner-col{flex-direction:column;}}<\/style>\n<div class=\"wp-block-kadence-column kadence-column275_c46c5d-6c\"><div class=\"kt-inside-inner-col\"><\/div><\/div>\n\n<\/div><\/div>","protected":false},"excerpt":{"rendered":"<p>Colaboradores Agiliz\u00f3dromo COLABORADORES Adem\u00e1s del equipo de Fundaci\u00f3n Pivotes, el Agiliz\u00f3dromo ha sido posible gracias a la colaboraci\u00f3n de profesionales de las siguientes instituciones: C\u00e1mara Chilena de la Construcci\u00f3n, SOFOFA, Mejores Pr\u00e1cticas Asociados, D\u00e9ficit Cero y G100. Tambi\u00e9n a individuos a t\u00edtulo personal: Miguel Pelayo, Jorge Welch, Felipe Irarr\u00e1zaval, Hern\u00e1n Chame. La colaboraci\u00f3n de estas&#8230;<\/p>\n","protected":false},"author":1,"featured_media":0,"parent":0,"menu_order":0,"comment_status":"closed","ping_status":"closed","template":"","meta":{"_kad_post_transparent":"","_kad_post_title":"","_kad_post_layout":"","_kad_post_sidebar_id":"","_kad_post_content_style":"","_kad_post_vertical_padding":"","_kad_post_feature":"","_kad_post_feature_position":"","_kad_post_header":false,"_kad_post_footer":false,"footnotes":""},"class_list":["post-275","page","type-page","status-publish","hentry"],"_links":{"self":[{"href":"https:\/\/www.pivotes.cl\/agilizodromo\/wp-json\/wp\/v2\/pages\/275","targetHints":{"allow":["GET"]}}],"collection":[{"href":"https:\/\/www.pivotes.cl\/agilizodromo\/wp-json\/wp\/v2\/pages"}],"about":[{"href":"https:\/\/www.pivotes.cl\/agilizodromo\/wp-json\/wp\/v2\/types\/page"}],"author":[{"embeddable":true,"href":"https:\/\/www.pivotes.cl\/agilizodromo\/wp-json\/wp\/v2\/users\/1"}],"replies":[{"embeddable":true,"href":"https:\/\/www.pivotes.cl\/agilizodromo\/wp-json\/wp\/v2\/comments?post=275"}],"version-history":[{"count":14,"href":"https:\/\/www.pivotes.cl\/agilizodromo\/wp-json\/wp\/v2\/pages\/275\/revisions"}],"predecessor-version":[{"id":1291,"href":"https:\/\/www.pivotes.cl\/agilizodromo\/wp-json\/wp\/v2\/pages\/275\/revisions\/1291"}],"wp:attachment":[{"href":"https:\/\/www.pivotes.cl\/agilizodromo\/wp-json\/wp\/v2\/media?parent=275"}],"curies":[{"name":"wp","href":"https:\/\/api.w.org\/{rel}","templated":true}]}}